{"id":2,"date":"2025-02-07T15:20:19","date_gmt":"2025-02-07T18:20:19","guid":{"rendered":"http:\/\/metodistasf.com.br\/?page_id=2"},"modified":"2025-03-27T16:28:56","modified_gmt":"2025-03-27T19:28:56","slug":"pagina-exemplo","status":"publish","type":"page","link":"https:\/\/metodistasf.com.br\/index.php\/pagina-exemplo\/","title":{"rendered":"Quem Somos"},"content":{"rendered":"\n<p>A Igreja Metodista em S\u00e3o Francisco foi fundada em junho de 2003 sob a lideran\u00e7a do Pr. Urias Bello. Hoje o respons\u00e1vel pela condu\u00e7\u00e3o da igreja \u00e9 o Pr. Artur Souza<\/p>\n\n\n\n<p>Somos um igreja hist\u00f3rica, por\u00e9m viva e com os carismas do Esp\u00edrito Santo. A tradi\u00e7\u00e3o metodista serve como motiva\u00e7\u00e3o para servir a Deus e ao pr\u00f3ximo.<\/p>\n\n\n\n<p>Venha nos fazer uma visita. A Igreja est\u00e1 em um momento de Revitaliza\u00e7\u00e3o e isso \u00e9 muito bom para quem est\u00e1 chegando.<\/p>\n\n\n\n<p>Deus te aben\u00e7oe!<\/p>\n\n\n\n<p>(Quer entrar em contato? Whatsapp <a href=\"https:\/\/api.whatsapp.com\/send?phone=5521992332974\">(21) 99233-2974<\/a>)<\/p>\n","protected":false},"excerpt":{"rendered":"<p>A Igreja Metodista em S\u00e3o Francisco foi fundada em junho de 2003 sob a lideran\u00e7a do Pr. Urias Bello. Hoje o respons\u00e1vel pela condu\u00e7\u00e3o da igreja \u00e9 o Pr. Artur Souza Somos um igreja hist\u00f3rica, por\u00e9m viva e com os carismas do Esp\u00edrito Santo. A tradi\u00e7\u00e3o metodista serve como motiva\u00e7\u00e3o para servir a Deus e [&hellip;]<\/p>\n","protected":false},"author":1,"featured_media":0,"parent":0,"menu_order":0,"comment_status":"closed","ping_status":"open","template":"","meta":{"footnotes":""},"class_list":["post-2","page","type-page","status-publish","hentry"],"_links":{"self":[{"href":"https:\/\/metodistasf.com.br\/index.php\/wp-json\/wp\/v2\/pages\/2","targetHints":{"allow":["GET"]}}],"collection":[{"href":"https:\/\/metodistasf.com.br\/index.php\/wp-json\/wp\/v2\/pages"}],"about":[{"href":"https:\/\/metodistasf.com.br\/index.php\/wp-json\/wp\/v2\/types\/page"}],"author":[{"embeddable":true,"href":"https:\/\/metodistasf.com.br\/index.php\/wp-json\/wp\/v2\/users\/1"}],"replies":[{"embeddable":true,"href":"https:\/\/metodistasf.com.br\/index.php\/wp-json\/wp\/v2\/comments?post=2"}],"version-history":[{"count":3,"href":"https:\/\/metodistasf.com.br\/index.php\/wp-json\/wp\/v2\/pages\/2\/revisions"}],"predecessor-version":[{"id":78,"href":"https:\/\/metodistasf.com.br\/index.php\/wp-json\/wp\/v2\/pages\/2\/revisions\/78"}],"wp:attachment":[{"href":"https:\/\/metodistasf.com.br\/index.php\/wp-json\/wp\/v2\/media?parent=2"}],"curies":[{"name":"wp","href":"https:\/\/api.w.org\/{rel}","templated":true}]}}